{"id":2186,"date":"2024-06-24T14:52:46","date_gmt":"2024-06-24T12:52:46","guid":{"rendered":"https:\/\/thermalfocus.eu\/?post_type=product&#038;p=2186"},"modified":"2025-10-03T11:23:36","modified_gmt":"2025-10-03T09:23:36","slug":"flir-x8580","status":"publish","type":"product","link":"https:\/\/thermalfocus.eu\/fr\/product\/flir-x8580\/","title":{"rendered":"FLIR X8580"},"content":{"rendered":"<p>La cam\u00e9ra FLIR X8580 \u00e0 ondes moyennes est con\u00e7ue pour les scientifiques et les ing\u00e9nieurs. Vous pouvez donc utiliser cette cam\u00e9ra thermique dans les composites, les cellules solaires et l'\u00e9lectronique :<\/p>\n<ul>\n<li>Capturez des images d\u00e9taill\u00e9es d'\u00e9v\u00e9nements tr\u00e8s rapides ;<\/li>\n<li>Effectuer des mesures radiom\u00e9triques personnalis\u00e9es ;<\/li>\n<li>D\u00e9tection des points de d\u00e9faillance.<\/li>\n<\/ul>\n<p>&nbsp;<\/p>\n<p>Cette cam\u00e9ra thermique pr\u00e9sente des caract\u00e9ristiques essentielles, notamment une r\u00e9solution HD de 1280 x 1024 avec des fr\u00e9quences d'images et des temps d'int\u00e9gration rapides. Gr\u00e2ce \u00e0 ces caract\u00e9ristiques, les chercheurs peuvent enregistrer les mouvements stationnaires d'objets se d\u00e9pla\u00e7ant rapidement ou les changements rapides de temp\u00e9rature dans les laboratoires et sur les bancs d'essai.<\/p>","protected":false},"excerpt":{"rendered":"<p>Ce produit a \u00e9t\u00e9 remplac\u00e9 par le <a href=\"https:\/\/thermalfocus.eu\/fr\/produit\/flir-x8580-hs-insb\/\">FLIR X8580-HS InSb<\/a> cam\u00e9ra thermique.<\/p>","protected":false},"featured_media":6256,"template":"","meta":{"_seopress_robots_primary_cat":"none","_seopress_titles_title":"FLIR X8580","_seopress_titles_desc":"De FLIR X8580 middengolf camera is ontworpen voor wetenschappers en ingenieurs.","_seopress_robots_index":"","iawp_total_views":26},"product_brand":[],"product_cat":[262],"product_tag":[],"toepassing":[],"sensor-type":[],"dynamisch-bereik":[],"absolute-sensitiviteit":[],"read-noise":[],"verzadigingsvermogen":[],"kwantumefficientie":[],"shutter-type":[],"sensorformaat":[],"sensor":[],"spectrum":[],"interface":[],"pixelgrootte":[],"fps":[],"megapixels":[],"promo":[],"taal":[266],"cameratypes":[138],"statussen":[29],"productseries":[299],"resoluties":[167],"resoluties-filter":[216],"lenzen":[],"focussen":[59],"waarden-thermische-gevoeligheid":[60],"waarden-temperatuurbereik":[162],"product-type":[274,83,774],"bandbreedtes":[],"golflengtes":[84,157],"afstanden":[],"waarden-ip":[],"waarden-spectraal-bereik":[169],"huur-dagprijs":[],"aankoopprijs":[66],"class_list":{"0":"post-2186","1":"product","2":"type-product","3":"status-publish","4":"has-post-thumbnail","6":"product_cat-verkoop","7":"taal-nl","8":"cameratypes-legacy-camera","9":"statussen-nieuw","10":"productseries-flir-x85xx-serie","11":"resoluties-1280-x-1024","12":"resoluties-filter-hd-1280-x-720","13":"focussen-manueel-autofocus","14":"waarden-thermische-gevoeligheid-30-mk","15":"waarden-temperatuurbereik-20-tot-350c-optioneel-tot-3000c","16":"product-type-rd-en-science","17":"product-type-vaste-cameras","18":"product-type-warmtebeeldcameras","19":"golflengtes-mwir","20":"golflengtes-swir","21":"waarden-spectraal-bereik-1-5-5-0-m","22":"aankoopprijs-e-10-000","24":"first","25":"instock","26":"taxable","27":"shipping-taxable","28":"product-type-simple"},"_links":{"self":[{"href":"https:\/\/thermalfocus.eu\/fr\/wp-json\/wp\/v2\/product\/2186","targetHints":{"allow":["GET"]}}],"collection":[{"href":"https:\/\/thermalfocus.eu\/fr\/wp-json\/wp\/v2\/product"}],"about":[{"href":"https:\/\/thermalfocus.eu\/fr\/wp-json\/wp\/v2\/types\/product"}],"wp:featuredmedia":[{"embeddable":true,"href":"https:\/\/thermalfocus.eu\/fr\/wp-json\/wp\/v2\/media\/6256"}],"wp:attachment":[{"href":"https:\/\/thermalfocus.eu\/fr\/wp-json\/wp\/v2\/media?parent=2186"}],"wp:term":[{"taxonomy":"product_brand","embeddable":true,"href":"https:\/\/thermalfocus.eu\/fr\/wp-json\/wp\/v2\/product_brand?post=2186"},{"taxonomy":"product_cat","embeddable":true,"href":"https:\/\/thermalfocus.eu\/fr\/wp-json\/wp\/v2\/product_cat?post=2186"},{"taxonomy":"product_tag","embeddable":true,"href":"https:\/\/thermalfocus.eu\/fr\/wp-json\/wp\/v2\/product_tag?post=2186"},{"taxonomy":"toepassing","embeddable":true,"href":"https:\/\/thermalfocus.eu\/fr\/wp-json\/wp\/v2\/toepassing?post=2186"},{"taxonomy":"sensor-type","embeddable":true,"href":"https:\/\/thermalfocus.eu\/fr\/wp-json\/wp\/v2\/sensor-type?post=2186"},{"taxonomy":"dynamisch-bereik","embeddable":true,"href":"https:\/\/thermalfocus.eu\/fr\/wp-json\/wp\/v2\/dynamisch-bereik?post=2186"},{"taxonomy":"absolute-sensitiviteit","embeddable":true,"href":"https:\/\/thermalfocus.eu\/fr\/wp-json\/wp\/v2\/absolute-sensitiviteit?post=2186"},{"taxonomy":"read-noise","embeddable":true,"href":"https:\/\/thermalfocus.eu\/fr\/wp-json\/wp\/v2\/read-noise?post=2186"},{"taxonomy":"verzadigingsvermogen","embeddable":true,"href":"https:\/\/thermalfocus.eu\/fr\/wp-json\/wp\/v2\/verzadigingsvermogen?post=2186"},{"taxonomy":"kwantumefficientie","embeddable":true,"href":"https:\/\/thermalfocus.eu\/fr\/wp-json\/wp\/v2\/kwantumefficientie?post=2186"},{"taxonomy":"shutter-type","embeddable":true,"href":"https:\/\/thermalfocus.eu\/fr\/wp-json\/wp\/v2\/shutter-type?post=2186"},{"taxonomy":"sensorformaat","embeddable":true,"href":"https:\/\/thermalfocus.eu\/fr\/wp-json\/wp\/v2\/sensorformaat?post=2186"},{"taxonomy":"sensor","embeddable":true,"href":"https:\/\/thermalfocus.eu\/fr\/wp-json\/wp\/v2\/sensor?post=2186"},{"taxonomy":"spectrum","embeddable":true,"href":"https:\/\/thermalfocus.eu\/fr\/wp-json\/wp\/v2\/spectrum?post=2186"},{"taxonomy":"interface","embeddable":true,"href":"https:\/\/thermalfocus.eu\/fr\/wp-json\/wp\/v2\/interface?post=2186"},{"taxonomy":"pixelgrootte","embeddable":true,"href":"https:\/\/thermalfocus.eu\/fr\/wp-json\/wp\/v2\/pixelgrootte?post=2186"},{"taxonomy":"fps","embeddable":true,"href":"https:\/\/thermalfocus.eu\/fr\/wp-json\/wp\/v2\/fps?post=2186"},{"taxonomy":"megapixels","embeddable":true,"href":"https:\/\/thermalfocus.eu\/fr\/wp-json\/wp\/v2\/megapixels?post=2186"},{"taxonomy":"promo","embeddable":true,"href":"https:\/\/thermalfocus.eu\/fr\/wp-json\/wp\/v2\/promo?post=2186"},{"taxonomy":"taal","embeddable":true,"href":"https:\/\/thermalfocus.eu\/fr\/wp-json\/wp\/v2\/taal?post=2186"},{"taxonomy":"cameratypes","embeddable":true,"href":"https:\/\/thermalfocus.eu\/fr\/wp-json\/wp\/v2\/cameratypes?post=2186"},{"taxonomy":"statussen","embeddable":true,"href":"https:\/\/thermalfocus.eu\/fr\/wp-json\/wp\/v2\/statussen?post=2186"},{"taxonomy":"productseries","embeddable":true,"href":"https:\/\/thermalfocus.eu\/fr\/wp-json\/wp\/v2\/productseries?post=2186"},{"taxonomy":"resoluties","embeddable":true,"href":"https:\/\/thermalfocus.eu\/fr\/wp-json\/wp\/v2\/resoluties?post=2186"},{"taxonomy":"resoluties-filter","embeddable":true,"href":"https:\/\/thermalfocus.eu\/fr\/wp-json\/wp\/v2\/resoluties-filter?post=2186"},{"taxonomy":"lenzen","embeddable":true,"href":"https:\/\/thermalfocus.eu\/fr\/wp-json\/wp\/v2\/lenzen?post=2186"},{"taxonomy":"focussen","embeddable":true,"href":"https:\/\/thermalfocus.eu\/fr\/wp-json\/wp\/v2\/focussen?post=2186"},{"taxonomy":"waarden-thermische-gevoeligheid","embeddable":true,"href":"https:\/\/thermalfocus.eu\/fr\/wp-json\/wp\/v2\/waarden-thermische-gevoeligheid?post=2186"},{"taxonomy":"waarden-temperatuurbereik","embeddable":true,"href":"https:\/\/thermalfocus.eu\/fr\/wp-json\/wp\/v2\/waarden-temperatuurbereik?post=2186"},{"taxonomy":"product-type","embeddable":true,"href":"https:\/\/thermalfocus.eu\/fr\/wp-json\/wp\/v2\/product-type?post=2186"},{"taxonomy":"bandbreedtes","embeddable":true,"href":"https:\/\/thermalfocus.eu\/fr\/wp-json\/wp\/v2\/bandbreedtes?post=2186"},{"taxonomy":"golflengtes","embeddable":true,"href":"https:\/\/thermalfocus.eu\/fr\/wp-json\/wp\/v2\/golflengtes?post=2186"},{"taxonomy":"afstanden","embeddable":true,"href":"https:\/\/thermalfocus.eu\/fr\/wp-json\/wp\/v2\/afstanden?post=2186"},{"taxonomy":"waarden-ip","embeddable":true,"href":"https:\/\/thermalfocus.eu\/fr\/wp-json\/wp\/v2\/waarden-ip?post=2186"},{"taxonomy":"waarden-spectraal-bereik","embeddable":true,"href":"https:\/\/thermalfocus.eu\/fr\/wp-json\/wp\/v2\/waarden-spectraal-bereik?post=2186"},{"taxonomy":"huur-dagprijs","embeddable":true,"href":"https:\/\/thermalfocus.eu\/fr\/wp-json\/wp\/v2\/huur-dagprijs?post=2186"},{"taxonomy":"aankoopprijs","embeddable":true,"href":"https:\/\/thermalfocus.eu\/fr\/wp-json\/wp\/v2\/aankoopprijs?post=2186"}],"curies":[{"name":"wp","href":"https:\/\/api.w.org\/{rel}","templated":true}]}}