{"id":2157,"date":"2024-06-13T16:21:29","date_gmt":"2024-06-13T14:21:29","guid":{"rendered":"https:\/\/thermalfocus.eu\/?post_type=product&#038;p=2157"},"modified":"2026-01-16T09:32:00","modified_gmt":"2026-01-16T08:32:00","slug":"flir-g620","status":"publish","type":"product","link":"https:\/\/thermalfocus.eu\/fr\/product\/flir-g620\/","title":{"rendered":"Cam\u00e9ra portable de d\u00e9tection de gaz FLIR G620"},"content":{"rendered":"<p>La cam\u00e9ra FLIR G620 a \u00e9t\u00e9 con\u00e7ue dans un souci de s\u00e9curit\u00e9 et d'efficacit\u00e9. Il s'agit d'une cam\u00e9ra thermique refroidie \u00e0 haute r\u00e9solution qui peut d\u00e9tecter les gaz dangereux dans l'environnement \u00e0 une distance s\u00fbre.<\/p>\n<p>&nbsp;<\/p>\n<p>Les gaz d\u00e9tect\u00e9s par cette cam\u00e9ra de d\u00e9tection de gaz sont les suivants :<\/p>\n<ul>\n<li>Hydrocarbures<\/li>\n<li>Le m\u00e9thane (CH<sub>4<\/sub>)<\/li>\n<li>Autres compos\u00e9s organiques volatils (COV)<\/li>\n<\/ul>\n<p>Ces gaz sont mesur\u00e9s \u00e0 diff\u00e9rents stades de la cha\u00eene d'approvisionnement en p\u00e9trole et en gaz, ainsi que sur d'autres march\u00e9s industriels.<\/p>\n<p>&nbsp;<\/p>\n<p>La cam\u00e9ra G620 pr\u00e9sente des caract\u00e9ristiques essentielles telles que les analyses innovantes pour la quantification des gaz dans la cam\u00e9ra elle-m\u00eame et l'\u00e9cran LCD couleur rotatif. Cette cam\u00e9ra de d\u00e9tection de gaz est donc id\u00e9ale pour d\u00e9tecter les \u00e9missions de gaz dans les raffineries, les installations p\u00e9trochimiques et les centres \u00e9nerg\u00e9tiques.<\/p>","protected":false},"excerpt":{"rendered":"<p>La cam\u00e9ra FLIR G620 a \u00e9t\u00e9 con\u00e7ue dans un souci de s\u00e9curit\u00e9 et d'efficacit\u00e9. Il s'agit d'une cam\u00e9ra de visualisation des gaz refroidie qui peut d\u00e9tecter les gaz dangereux dans l'environnement \u00e0 une distance s\u00fbre.<\/p>","protected":false},"featured_media":3397,"template":"","meta":{"_seopress_robots_primary_cat":"none","_seopress_titles_title":"FLIR G620 draagbare gasdetectie camera","_seopress_titles_desc":"De FLIR G620 camera is ideaal voor effici\u00ebnte en veilige gasdetectie van koolwaterstoffen, methaan en VOC's.","_seopress_robots_index":"","iawp_total_views":134},"product_brand":[],"product_cat":[262,261],"product_tag":[],"toepassing":[807],"sensor-type":[],"dynamisch-bereik":[],"absolute-sensitiviteit":[],"read-noise":[],"verzadigingsvermogen":[],"kwantumefficientie":[],"shutter-type":[],"sensorformaat":[],"sensor":[],"spectrum":[],"interface":[],"pixelgrootte":[],"fps":[],"megapixels":[],"promo":[],"taal":[266],"cameratypes":[78],"statussen":[29],"productseries":[287],"resoluties":[67],"resoluties-filter":[68],"lenzen":[87],"focussen":[59],"waarden-thermische-gevoeligheid":[77],"waarden-temperatuurbereik":[82],"product-type":[36,273,774],"bandbreedtes":[],"golflengtes":[84],"afstanden":[],"waarden-ip":[42],"waarden-spectraal-bereik":[85],"huur-dagprijs":[94],"aankoopprijs":[66],"class_list":{"0":"post-2157","1":"product","2":"type-product","3":"status-publish","4":"has-post-thumbnail","6":"product_cat-verkoop","7":"product_cat-verhuur","8":"toepassing-gasvisualisatie","9":"taal-nl","10":"cameratypes-gasdetectiecamera","11":"statussen-nieuw","12":"productseries-flir-g-serie","13":"resoluties-640-x-480","14":"resoluties-filter-vga-640-x-480","15":"lenzen-uitwisselbaar-24-x-18-15-x-11","16":"focussen-manueel-autofocus","17":"waarden-thermische-gevoeligheid-20-mk","18":"waarden-temperatuurbereik-20-tot-350c","19":"product-type-draagbare-cameras","20":"product-type-ogi-en-akoestisch","21":"product-type-warmtebeeldcameras","22":"golflengtes-mwir","23":"waarden-ip-ip54","24":"waarden-spectraal-bereik-3-2-3-4-m","25":"huur-dagprijs-e-1-500","26":"aankoopprijs-e-10-000","28":"first","29":"instock","30":"taxable","31":"shipping-taxable","32":"product-type-simple"},"_links":{"self":[{"href":"https:\/\/thermalfocus.eu\/fr\/wp-json\/wp\/v2\/product\/2157","targetHints":{"allow":["GET"]}}],"collection":[{"href":"https:\/\/thermalfocus.eu\/fr\/wp-json\/wp\/v2\/product"}],"about":[{"href":"https:\/\/thermalfocus.eu\/fr\/wp-json\/wp\/v2\/types\/product"}],"wp:featuredmedia":[{"embeddable":true,"href":"https:\/\/thermalfocus.eu\/fr\/wp-json\/wp\/v2\/media\/3397"}],"wp:attachment":[{"href":"https:\/\/thermalfocus.eu\/fr\/wp-json\/wp\/v2\/media?parent=2157"}],"wp:term":[{"taxonomy":"product_brand","embeddable":true,"href":"https:\/\/thermalfocus.eu\/fr\/wp-json\/wp\/v2\/product_brand?post=2157"},{"taxonomy":"product_cat","embeddable":true,"href":"https:\/\/thermalfocus.eu\/fr\/wp-json\/wp\/v2\/product_cat?post=2157"},{"taxonomy":"product_tag","embeddable":true,"href":"https:\/\/thermalfocus.eu\/fr\/wp-json\/wp\/v2\/product_tag?post=2157"},{"taxonomy":"toepassing","embeddable":true,"href":"https:\/\/thermalfocus.eu\/fr\/wp-json\/wp\/v2\/toepassing?post=2157"},{"taxonomy":"sensor-type","embeddable":true,"href":"https:\/\/thermalfocus.eu\/fr\/wp-json\/wp\/v2\/sensor-type?post=2157"},{"taxonomy":"dynamisch-bereik","embeddable":true,"href":"https:\/\/thermalfocus.eu\/fr\/wp-json\/wp\/v2\/dynamisch-bereik?post=2157"},{"taxonomy":"absolute-sensitiviteit","embeddable":true,"href":"https:\/\/thermalfocus.eu\/fr\/wp-json\/wp\/v2\/absolute-sensitiviteit?post=2157"},{"taxonomy":"read-noise","embeddable":true,"href":"https:\/\/thermalfocus.eu\/fr\/wp-json\/wp\/v2\/read-noise?post=2157"},{"taxonomy":"verzadigingsvermogen","embeddable":true,"href":"https:\/\/thermalfocus.eu\/fr\/wp-json\/wp\/v2\/verzadigingsvermogen?post=2157"},{"taxonomy":"kwantumefficientie","embeddable":true,"href":"https:\/\/thermalfocus.eu\/fr\/wp-json\/wp\/v2\/kwantumefficientie?post=2157"},{"taxonomy":"shutter-type","embeddable":true,"href":"https:\/\/thermalfocus.eu\/fr\/wp-json\/wp\/v2\/shutter-type?post=2157"},{"taxonomy":"sensorformaat","embeddable":true,"href":"https:\/\/thermalfocus.eu\/fr\/wp-json\/wp\/v2\/sensorformaat?post=2157"},{"taxonomy":"sensor","embeddable":true,"href":"https:\/\/thermalfocus.eu\/fr\/wp-json\/wp\/v2\/sensor?post=2157"},{"taxonomy":"spectrum","embeddable":true,"href":"https:\/\/thermalfocus.eu\/fr\/wp-json\/wp\/v2\/spectrum?post=2157"},{"taxonomy":"interface","embeddable":true,"href":"https:\/\/thermalfocus.eu\/fr\/wp-json\/wp\/v2\/interface?post=2157"},{"taxonomy":"pixelgrootte","embeddable":true,"href":"https:\/\/thermalfocus.eu\/fr\/wp-json\/wp\/v2\/pixelgrootte?post=2157"},{"taxonomy":"fps","embeddable":true,"href":"https:\/\/thermalfocus.eu\/fr\/wp-json\/wp\/v2\/fps?post=2157"},{"taxonomy":"megapixels","embeddable":true,"href":"https:\/\/thermalfocus.eu\/fr\/wp-json\/wp\/v2\/megapixels?post=2157"},{"taxonomy":"promo","embeddable":true,"href":"https:\/\/thermalfocus.eu\/fr\/wp-json\/wp\/v2\/promo?post=2157"},{"taxonomy":"taal","embeddable":true,"href":"https:\/\/thermalfocus.eu\/fr\/wp-json\/wp\/v2\/taal?post=2157"},{"taxonomy":"cameratypes","embeddable":true,"href":"https:\/\/thermalfocus.eu\/fr\/wp-json\/wp\/v2\/cameratypes?post=2157"},{"taxonomy":"statussen","embeddable":true,"href":"https:\/\/thermalfocus.eu\/fr\/wp-json\/wp\/v2\/statussen?post=2157"},{"taxonomy":"productseries","embeddable":true,"href":"https:\/\/thermalfocus.eu\/fr\/wp-json\/wp\/v2\/productseries?post=2157"},{"taxonomy":"resoluties","embeddable":true,"href":"https:\/\/thermalfocus.eu\/fr\/wp-json\/wp\/v2\/resoluties?post=2157"},{"taxonomy":"resoluties-filter","embeddable":true,"href":"https:\/\/thermalfocus.eu\/fr\/wp-json\/wp\/v2\/resoluties-filter?post=2157"},{"taxonomy":"lenzen","embeddable":true,"href":"https:\/\/thermalfocus.eu\/fr\/wp-json\/wp\/v2\/lenzen?post=2157"},{"taxonomy":"focussen","embeddable":true,"href":"https:\/\/thermalfocus.eu\/fr\/wp-json\/wp\/v2\/focussen?post=2157"},{"taxonomy":"waarden-thermische-gevoeligheid","embeddable":true,"href":"https:\/\/thermalfocus.eu\/fr\/wp-json\/wp\/v2\/waarden-thermische-gevoeligheid?post=2157"},{"taxonomy":"waarden-temperatuurbereik","embeddable":true,"href":"https:\/\/thermalfocus.eu\/fr\/wp-json\/wp\/v2\/waarden-temperatuurbereik?post=2157"},{"taxonomy":"product-type","embeddable":true,"href":"https:\/\/thermalfocus.eu\/fr\/wp-json\/wp\/v2\/product-type?post=2157"},{"taxonomy":"bandbreedtes","embeddable":true,"href":"https:\/\/thermalfocus.eu\/fr\/wp-json\/wp\/v2\/bandbreedtes?post=2157"},{"taxonomy":"golflengtes","embeddable":true,"href":"https:\/\/thermalfocus.eu\/fr\/wp-json\/wp\/v2\/golflengtes?post=2157"},{"taxonomy":"afstanden","embeddable":true,"href":"https:\/\/thermalfocus.eu\/fr\/wp-json\/wp\/v2\/afstanden?post=2157"},{"taxonomy":"waarden-ip","embeddable":true,"href":"https:\/\/thermalfocus.eu\/fr\/wp-json\/wp\/v2\/waarden-ip?post=2157"},{"taxonomy":"waarden-spectraal-bereik","embeddable":true,"href":"https:\/\/thermalfocus.eu\/fr\/wp-json\/wp\/v2\/waarden-spectraal-bereik?post=2157"},{"taxonomy":"huur-dagprijs","embeddable":true,"href":"https:\/\/thermalfocus.eu\/fr\/wp-json\/wp\/v2\/huur-dagprijs?post=2157"},{"taxonomy":"aankoopprijs","embeddable":true,"href":"https:\/\/thermalfocus.eu\/fr\/wp-json\/wp\/v2\/aankoopprijs?post=2157"}],"curies":[{"name":"wp","href":"https:\/\/api.w.org\/{rel}","templated":true}]}}